{"id":296,"date":"2024-12-10T18:49:30","date_gmt":"2024-12-10T18:49:30","guid":{"rendered":"https:\/\/babyjecreations.com\/?page_id=296"},"modified":"2024-12-10T20:08:45","modified_gmt":"2024-12-10T20:08:45","slug":"296-2","status":"publish","type":"page","link":"https:\/\/babyjecreations.com\/?page_id=296","title":{"rendered":"Nosotros"},"content":{"rendered":"<p>[et_pb_section fb_built=&#8221;1&#8243; admin_label=&#8221;Header&#8221; _builder_version=&#8221;4.20.2&#8243; _module_preset=&#8221;default&#8221; background_color=&#8221;#171717&#8243; collapsed=&#8221;on&#8221; global_colors_info=&#8221;{}&#8221;][et_pb_row _builder_version=&#8221;4.19.0&#8243; _module_preset=&#8221;default&#8221; global_colors_info=&#8221;{}&#8221;][et_pb_column type=&#8221;4_4&#8243; _builder_version=&#8221;4.19.0&#8243; _module_preset=&#8221;default&#8221; global_colors_info=&#8221;{}&#8221;][et_pb_text _builder_version=&#8221;4.27.4&#8243; _module_preset=&#8221;7f2ff53e-9beb-48da-bb60-260d5497640a&#8221; global_colors_info=&#8221;{}&#8221;]<\/p>\n<h1>Nosotros<\/h1>\n<p>[\/et_pb_text][\/et_pb_column][\/et_pb_row][et_pb_row column_structure=&#8221;1_2,1_2&#8243; _builder_version=&#8221;4.19.0&#8243; _module_preset=&#8221;default&#8221; global_colors_info=&#8221;{}&#8221;][et_pb_column type=&#8221;1_2&#8243; _builder_version=&#8221;4.19.0&#8243; _module_preset=&#8221;default&#8221; global_colors_info=&#8221;{}&#8221;][et_pb_text _builder_version=&#8221;4.27.4&#8243; _module_preset=&#8221;61fa8ade-df12-4404-abf4-e92a22682357&#8243; text_text_color=&#8221;RGBA(255,255,255,0.72)&#8221; custom_margin_tablet=&#8221;||30px||false|false&#8221; custom_margin_last_edited=&#8221;off|desktop&#8221; global_colors_info=&#8221;{}&#8221;]<\/p>\n<p>Baby Je Creations nace un 31 de julio de 2019 con el objetivo de transformar las ideas en arte, llevando a cada personas la autenticidad en cada detalles.Una empresa familiar que d\u00eda a d\u00eda innova y busca impactar en un mercado exigente.Con profesionales de distintas \u00e1reas de la comunicaci\u00f3n se brinda un servicio integrado que solo en Baby Je Creations podr\u00e1s encontrar.<\/p>\n<p>[\/et_pb_text][\/et_pb_column][et_pb_column type=&#8221;1_2&#8243; _builder_version=&#8221;4.19.0&#8243; _module_preset=&#8221;default&#8221; global_colors_info=&#8221;{}&#8221;][et_pb_text _builder_version=&#8221;4.27.4&#8243; _module_preset=&#8221;61fa8ade-df12-4404-abf4-e92a22682357&#8243; text_text_color=&#8221;RGBA(255,255,255,0.72)&#8221; global_colors_info=&#8221;{}&#8221;]<\/p>\n<p>Contamos con Profesionales con m\u00e1s de 20 A\u00f1os de Experiencia en el Campo de la Publicidad y Marketing. Los mejores Equipos de Impresi\u00f3n Digital, equipos Fotogr\u00e1ficos como C\u00e1maras y Drones de Vanguardia para Ofrecer Resoluciones de hasta 8K. Contamos con Todas las T\u00e9cnicas de Personalizaci\u00f3n del Mercado como Sublimaci\u00f3n, DTF, Vinil de Corte, Vinil Textil, Bordados y mucho m\u00e1s.<\/p>\n<p>[\/et_pb_text][\/et_pb_column][\/et_pb_row][\/et_pb_section][et_pb_section fb_built=&#8221;1&#8243; admin_label=&#8221;Video &#038; Stats&#8221; _builder_version=&#8221;4.20.2&#8243; _module_preset=&#8221;default&#8221; background_color=&#8221;#171717&#8243; collapsed=&#8221;on&#8221; global_colors_info=&#8221;{}&#8221;][et_pb_row _builder_version=&#8221;4.27.4&#8243; _module_preset=&#8221;default&#8221; custom_padding=&#8221;||0px||false|false&#8221; global_colors_info=&#8221;{}&#8221;][et_pb_column type=&#8221;4_4&#8243; _builder_version=&#8221;4.19.0&#8243; _module_preset=&#8221;default&#8221; global_colors_info=&#8221;{}&#8221;][et_pb_text _builder_version=&#8221;4.19.1&#8243; _module_preset=&#8221;b8c5a2a9-3083-46fa-9ae7-47ee5065dd8a&#8221; z_index=&#8221;11&#8243; text_orientation=&#8221;center&#8221; custom_margin=&#8221;||||false|false&#8221; global_colors_info=&#8221;{}&#8221;]<\/p>\n<h2>Baby Je Creations<\/h2>\n<p>[\/et_pb_text][et_pb_video src=&#8221;https:\/\/youtu.be\/NshKgiThQXI?si=MhzEs7yyEnCoiNS5&#8243; image_src=&#8221;https:\/\/babyjecreations.com\/wp-content\/uploads\/2024\/12\/todo-sobre-impresion-digital.jpg&#8221; _builder_version=&#8221;4.27.4&#8243; _module_preset=&#8221;default&#8221; animation_style=&#8221;fade&#8221; hover_enabled=&#8221;0&#8243; global_colors_info=&#8221;{}&#8221; title_text=&#8221;todo-sobre-impresion-digital&#8221; sticky_enabled=&#8221;0&#8243;][\/et_pb_video][\/et_pb_column][\/et_pb_row][et_pb_row column_structure=&#8221;1_4,1_4,1_4,1_4&#8243; custom_padding_last_edited=&#8221;on|desktop&#8221; _builder_version=&#8221;4.19.1&#8243; _module_preset=&#8221;default&#8221; background_color=&#8221;gcid-233cd77b-4711-403e-b130-11d9e5b5d115&#8243; custom_padding=&#8221;30px|30px|30px|30px|true|true&#8221; custom_padding_tablet=&#8221;|30px||30px|true|true&#8221; custom_padding_phone=&#8221;|20px||20px|false|true&#8221; global_colors_info=&#8221;{%22gcid-233cd77b-4711-403e-b130-11d9e5b5d115%22:%91%22background_color%22%93}&#8221;][et_pb_column type=&#8221;1_4&#8243; _builder_version=&#8221;4.19.0&#8243; _module_preset=&#8221;default&#8221; global_colors_info=&#8221;{}&#8221;][et_pb_number_counter title=&#8221;A\u00f1os Experiencia&#8221; number=&#8221;+20&#8243; _builder_version=&#8221;4.27.4&#8243; _module_preset=&#8221;fbb8a12d-dae2-43fa-aeb8-57a24b6fcce7&#8243; locked=&#8221;off&#8221; global_colors_info=&#8221;{}&#8221;][\/et_pb_number_counter][\/et_pb_column][et_pb_column type=&#8221;1_4&#8243; _builder_version=&#8221;4.19.0&#8243; _module_preset=&#8221;default&#8221; global_colors_info=&#8221;{}&#8221;][et_pb_number_counter title=&#8221;Proyectos Completados&#8221; number=&#8221;+1M&#8221; _builder_version=&#8221;4.27.4&#8243; _module_preset=&#8221;fbb8a12d-dae2-43fa-aeb8-57a24b6fcce7&#8243; locked=&#8221;off&#8221; global_colors_info=&#8221;{}&#8221;][\/et_pb_number_counter][\/et_pb_column][et_pb_column type=&#8221;1_4&#8243; _builder_version=&#8221;4.19.0&#8243; _module_preset=&#8221;default&#8221; global_colors_info=&#8221;{}&#8221;][et_pb_number_counter title=&#8221;Clientes Satisfechos&#8221; number=&#8221;+5K&#8221; _builder_version=&#8221;4.27.4&#8243; _module_preset=&#8221;fbb8a12d-dae2-43fa-aeb8-57a24b6fcce7&#8243; locked=&#8221;off&#8221; global_colors_info=&#8221;{}&#8221;][\/et_pb_number_counter][\/et_pb_column][et_pb_column type=&#8221;1_4&#8243; _builder_version=&#8221;4.19.0&#8243; _module_preset=&#8221;default&#8221; global_colors_info=&#8221;{}&#8221;][et_pb_number_counter title=&#8221;Productos y Servicios&#8221; number=&#8221;+3K&#8221; _builder_version=&#8221;4.27.4&#8243; _module_preset=&#8221;fbb8a12d-dae2-43fa-aeb8-57a24b6fcce7&#8243; locked=&#8221;off&#8221; global_colors_info=&#8221;{}&#8221;][\/et_pb_number_counter][\/et_pb_column][\/et_pb_row][\/et_pb_section]<\/p>\n","protected":false},"excerpt":{"rendered":"<p>NosotrosBaby Je Creations nace un 31 de julio de 2019 con el objetivo de transformar las ideas en arte, llevando a cada personas la autenticidad en cada detalles.Una empresa familiar que d\u00eda a d\u00eda innova y busca impactar en un mercado exigente.Con profesionales de distintas \u00e1reas de la comunicaci\u00f3n se brinda un servicio integrado que [&hellip;]<\/p>\n","protected":false},"author":1,"featured_media":0,"parent":0,"menu_order":0,"comment_status":"closed","ping_status":"closed","template":"","meta":{"_et_pb_use_builder":"on","_et_pb_old_content":"","_et_gb_content_width":"","footnotes":""},"class_list":["post-296","page","type-page","status-publish","hentry"],"_links":{"self":[{"href":"https:\/\/babyjecreations.com\/index.php?rest_route=\/wp\/v2\/pages\/296","targetHints":{"allow":["GET"]}}],"collection":[{"href":"https:\/\/babyjecreations.com\/index.php?rest_route=\/wp\/v2\/pages"}],"about":[{"href":"https:\/\/babyjecreations.com\/index.php?rest_route=\/wp\/v2\/types\/page"}],"author":[{"embeddable":true,"href":"https:\/\/babyjecreations.com\/index.php?rest_route=\/wp\/v2\/users\/1"}],"replies":[{"embeddable":true,"href":"https:\/\/babyjecreations.com\/index.php?rest_route=%2Fwp%2Fv2%2Fcomments&post=296"}],"version-history":[{"count":7,"href":"https:\/\/babyjecreations.com\/index.php?rest_route=\/wp\/v2\/pages\/296\/revisions"}],"predecessor-version":[{"id":321,"href":"https:\/\/babyjecreations.com\/index.php?rest_route=\/wp\/v2\/pages\/296\/revisions\/321"}],"wp:attachment":[{"href":"https:\/\/babyjecreations.com\/index.php?rest_route=%2Fwp%2Fv2%2Fmedia&parent=296"}],"curies":[{"name":"wp","href":"https:\/\/api.w.org\/{rel}","templated":true}]}}